{"id":174,"date":"2020-07-30T17:31:25","date_gmt":"2020-07-30T21:31:25","guid":{"rendered":"https:\/\/choiceresearchlab.ca\/?page_id=174"},"modified":"2025-09-03T10:35:39","modified_gmt":"2025-09-03T14:35:39","slug":"publications","status":"publish","type":"page","link":"https:\/\/choiceresearchlab.ca\/fr\/publications\/","title":{"rendered":"Select publications"},"content":{"rendered":"<div class=\"wp-block-image\">\n<figure class=\"aligncenter size-large\"><img data-recalc-dims=\"1\" loading=\"lazy\" decoding=\"async\" width=\"750\" height=\"178\" data-attachment-id=\"646\" data-permalink=\"https:\/\/choiceresearchlab.ca\/fr\/research\/capture-for-header\/\" data-orig-file=\"https:\/\/i0.wp.com\/choiceresearchlab.ca\/wp-content\/uploads\/2021\/05\/capture-for-header.jpg?fit=800%2C190&amp;ssl=1\" data-orig-size=\"800,190\" data-comments-opened=\"1\" data-image-meta=\"{&quot;aperture&quot;:&quot;0&quot;,&quot;credit&quot;:&quot;laurie&quot;,&quot;camera&quot;:&quot;&quot;,&quot;caption&quot;:&quot;&quot;,&quot;created_timestamp&quot;:&quot;1621607495&quot;,&quot;copyright&quot;:&quot;&quot;,&quot;focal_length&quot;:&quot;0&quot;,&quot;iso&quot;:&quot;0&quot;,&quot;shutter_speed&quot;:&quot;0&quot;,&quot;title&quot;:&quot;&quot;,&quot;orientation&quot;:&quot;0&quot;}\" data-image-title=\"\" data-image-description=\"\" data-image-caption=\"\" data-medium-file=\"https:\/\/i0.wp.com\/choiceresearchlab.ca\/wp-content\/uploads\/2021\/05\/capture-for-header.jpg?fit=300%2C71&amp;ssl=1\" data-large-file=\"https:\/\/i0.wp.com\/choiceresearchlab.ca\/wp-content\/uploads\/2021\/05\/capture-for-header.jpg?fit=750%2C178&amp;ssl=1\" src=\"https:\/\/choiceresearchlab.ca\/wp-content\/uploads\/2022\/12\/FR-website-graphic.jpg\" alt=\"\" class=\"wp-image-646\"\/><\/figure>\n<\/div>\n\n\n<hr class=\"wp-block-separator has-css-opacity\"\/>\n\n\n\n<p class=\"wp-block-paragraph\">Nous avons mis en \u00e9vidence quelques publications cl\u00e9s sur chaque domaine majeur de notre recherche. Pour une liste compl\u00e8te des publications, veuillez vous r\u00e9f\u00e9rer au travail de notre \u00e9quipe sur Pub Med trouver <a href=\"https:\/\/pubmed.ncbi.nlm.nih.gov\/?term=karine+toupin+april&amp;sort=date\">\u00e0 ce lien<\/a>Veuillez noter que certaines publications ne sont pas en libre acc\u00e8s ou accessibles gratuitement. <\/p>\n\n\n\n<p class=\"wp-block-paragraph\" style=\"font-size:29px\"><strong>Prise de d\u00e9cision partag\u00e9e<\/strong><\/p>\n\n\n\n<p class=\"wp-block-paragraph\"><a href=\"https:\/\/ped-rheum.biomedcentral.com\/articles\/10.1186\/s12969-023-00849-0\" data-type=\"link\" data-id=\"https:\/\/ped-rheum.biomedcentral.com\/articles\/10.1186\/s12969-023-00849-0\">\u201cI\u2019d like more options!\u201d: Interviews to explore young people and family decision-making needs for pain management in juvenile idiopathic arthritis<\/a>. <em>Pediatric Rheumatology Online Journal.<\/em> <strong>K. Toupin-April<\/strong>, I. Gaboury, L. Proulx, A.M. Huber, C.M. Duffy, E.M. Morgan, L.C. Li, E. Stringer, M. Connelly, J.E. Weiss, M. Gibbon, H. Sachs, A. Sivakumar, A. Sirois, E. Sirotich, N. Trehan, N. Abrahams, J.S. Cohen, S. Cavallo, T.E. Hindi, M. Ragusa, F. L\u00e9gar\u00e9, W.B. Brinkman, P.R. Fortin, S. D\u00e9cary, R. Lee, S. Gmuca, G. Paterson, P. Tugwell, J. Stinson.<\/p>\n\n\n\n<p class=\"wp-block-paragraph\"><a href=\"https:\/\/pmc.ncbi.nlm.nih.gov\/articles\/PMC11992647\/\" data-type=\"link\" data-id=\"https:\/\/pmc.ncbi.nlm.nih.gov\/articles\/PMC11992647\/\">People living with chronic pain experience a high prevalence of decision regret in Canada: A pan-Canadian online survey<\/a>. <em>Medical Decision Making.<\/em> F. Naye, Y. Tousignant-Laflamme, M. Sasseville, C. Cachinho, T. G\u00e9rard, <strong>K. Toupin-April<\/strong>, O. Dubois, J.S. Paquette, A. LeBlanc, I. Gaboury, M.\u00c8. Poitras, L.C. Li, A.M. Hoens, M.D. Poirier, F. L\u00e9gar\u00e9, S. D\u00e9cary.<\/p>\n\n\n\n<p class=\"wp-block-paragraph\"><a href=\"https:\/\/bmcprimcare.biomedcentral.com\/articles\/10.1186\/s12875-024-02667-z\" data-type=\"link\" data-id=\"https:\/\/bmcprimcare.biomedcentral.com\/articles\/10.1186\/s12875-024-02667-z\">People living with chronic pain in Canada face difficult decisions and decisional conflict concerning their care: Data from the national DECIDE-PAIN survey.<\/a> <em>BMC Primary Care.<\/em> F. Naye, F. L\u00e9gar\u00e9, C. Cachinho, T. G\u00e9rard, <strong>K. Toupin-April<\/strong>, M. Sasseville, J.S. Paquette, A. LeBlanc, I. Gaboury, M.E. Poitras, L.C. Li, A.M. Hoens, M.D. Poirier, Y. Tousignant-Laflamme, S. D\u00e9cary.<\/p>\n\n\n\n<p class=\"has-normal-font-size wp-block-paragraph\"><a href=\"https:\/\/www.sciencedirect.com\/science\/article\/pii\/S0049017221000494?via%3Dihub\">Endorsement of the OMERACT core domain set for shared decision making interventions in rheumatology trials: Results from a multi-stepped consensus-building approach<\/a>. <strong>Toupin-April K<\/strong>, D\u00e9cary S, de Wit M, et al. &nbsp;<em>Semin Arthritis Rheum<\/em>. 2021;51(3):593-600. <br><br><a href=\"https:\/\/link.springer.com\/article\/10.1007\/s40271-020-00458-z\">Development and acceptability of a patient decision aid for pain management in juvenile idiopathic arthritis: the JIA Option Map. The Patient.<\/a> <strong>K. Toupin April<\/strong>, A.M. Huber, C.M. Duffy, D. Couchman, L. Proulx, E.M. Morgan, F. Berbatovci, A. Boyd, H. Sachs, A. Sirois, J. Cohen, M. Bisch, A. Sivakumar<strong>, <\/strong>M. Ragusa, T. El Hindi, I. Gaboury, L.C. Li, E. Stringer, S. Cavallo, E. Ueffing, M. Gibbon, P.R. Fortin, W. Brinkman, M. Connelly, J.E. Weiss, S. Gmuca, S. D\u00e9cary, P. Tugwell, J. Stinson. <br><br><a href=\"https:\/\/www.ncbi.nlm.nih.gov\/pmc\/articles\/PMC7856219\/\">Shared decision-making in gout treatment: a national study of rheumatology provider opinion and practice<\/a>. Singh, J. A., Richards, J. S., Chang, E., <strong>Toupin-April, K.<\/strong>, &amp; Barton, J. L. (2021). Clinical rheumatology, 40(2), 693\u2013700. <\/p>\n\n\n\n<p class=\"wp-block-paragraph\"><a href=\"https:\/\/pubmed.ncbi.nlm.nih.gov\/30709963\/\">OMERACT Development of a Core Domain Set of Outcomes for Shared Decision-making Interventions.<\/a> J Rheumatol 2019; 46(10):1409-14. <strong>K. Toupin April<\/strong>, J. L. Barton, L. Fraenkel, A. Meara, L. C. Li, P. Brooks, M. De Wit, D. Stacey, F. L\u00e9gar\u00e9, B. Shea, A. Lyddiatt, C. Hofstetter, R. Christensen, M. Scholte Voshaar, M. E. Suarez-Almazor, A. Boonen, T. Meade, L. March, J. E. Jull, W. Campbell, R. Alten, S. Karuranga, E. M. Morgan, J. Kaufman, S. Hill, L. J. Maxwell, D. Beaton, Y. El-Miedany, S. Mittoo, S. J. Bartlett, J. A. Singh, P. Tugwell. <\/p>\n\n\n\n<p class=\"wp-block-paragraph\">Exploring decision making needs about pain management among adolescents with juvenile idiopathic arthritis and their families: preliminary results from interviews. Arthritis Rheumatol. 2018; 70 (suppl 10). <strong>K. Toupin April<\/strong>, J. Stinson, A. M. Huber, C. M. Duffy, I. Gaboury, E. M. Morgan, L. Brosseau, W. Brinkman, L. C. Li, A. Sivakumar, T. El Hindi, J. Gagnon, M. Bisch, J. Cohen, E. Stringer, F. L\u00e9gar\u00e9, L. Proulx, P. R. Fortin, P. Tugwell. <\/p>\n\n\n\n<p class=\"wp-block-paragraph\"><a href=\"https:\/\/pubmed.ncbi.nlm.nih.gov\/28765239\/\">Toward the development of a core set of outcome Domains to assess shared decision making interventions in rheumatology: results from an OMERACT Delphi survey and consensus meeting. J Rheum 2017<\/a>; 44(10): 1544-1550. <strong>K Toupin April<\/strong>, J. Barton, L. Fraenkel, L. C. Li, P. Brooks, M. De Wit, D. Stacey, F. L\u00e9gar\u00e9, A. Meara, B. Shea, A. Lyddiatt, C. Hofstetter, L. Gossec, R. Christensen, M. Scholte Voshaar, M. E. Suarez-Almazor, A. Boonen, T. Meade, L. March, C. Pohl, J. E. Jull, S. Sivarajah, W. Campbell, R. Alten, S. Karuranga, E. Morgan, J. Kaufman, S. Hill, L. J. Maxwell, V. Welch, D. Beaton, Y. El-Miedany, P. Tugwell. <\/p>\n\n\n\n<p class=\"wp-block-paragraph\">A Decision Making Needs Assessment of Youth with Juvenile Idiopathic Arthritis and their Caregivers: Preliminary Results from a Narrative Review. <em>J Rheum <\/em>2016; 43(6):1149-1250. <strong>K. Toupin April<\/strong>, M. Laporte-Lafreni\u00e8re, G. Galibois, G. Cadieux-Boileau, I. Gaboury, V. Grandpierre, J. Stinson, A. Huber, E. Morgan De Witt, C. Duffy, M. Gibbon, P. Tugwell, L. Brosseau. <\/p>\n\n\n\n<p class=\"wp-block-paragraph\"><a href=\"https:\/\/pubmed.ncbi.nlm.nih.gov\/25877502\/\">Development of a Draft Core Set of Domains for Measuring Shared Decision Making in Osteoarthritis: An OMERACT Special Interest Group on Shared Decision Making<\/a>. <em>J Rheum<\/em> 2015; 42(12):2442-7. (PMID: 25877502). <strong>K. Toupin April<\/strong>, J. Barton, L. Fraenkel, L. Li, V. Grandpierre, F. Guillemin, T. Rader, D. Stacey, F. L\u00e9gar\u00e9, J. Jull, J. Petkovic, M. Scholte Voshaar, V. Welch, A. Lyddiatt, C. Hofstetter, M. De Wit, L. March, T. Meade, R. Christensen, C. Gaujoux-Viala, M.E, Suarez-Almazor, A. Boonen, C. Pohl, R. Martin, P. Tugwell. <\/p>\n\n\n\n<p class=\"wp-block-paragraph\"><a href=\"https:\/\/pubmed.ncbi.nlm.nih.gov\/27585691\/\">Development and alpha testing of a stepped decision aid for patients considering non-surgical options for knee and hip osteoarthritis management<\/a>. J Rheum 2016; 43(10): 1891-1896. (PMID: 27585691). <strong>K. Toupin April<\/strong>, T. Rader, G. Hawker, D. Stacey, A. O\u2019Connor, V. Welch, A. Lyddiatt, J. McGowan, C. Thorne, C. Bennett, J. Pardo Pardo, GA Wells, P. Tugwell. <\/p>\n\n\n\n<p class=\"wp-block-paragraph\" style=\"font-size:29px\"><strong>Engagement des patients dans la recherche<\/strong><\/p>\n\n\n\n<p class=\"wp-block-paragraph\">Proulx, L., Trehan, N., Sirotich, E., Abrahams, N., Sirois, A., Huber, A. M., Duffy, C. M., Morgan, E. M., Cohen, J. S., Gaboury, I., Li, L. C., Tugwell, P., Stinson, J., <strong>Toupin April, K.<\/strong>, &amp; The JIA Option Map Group. (2022). Engaging young people with juvenile idiopathic arthritis in shared decision-making research. <em><a href=\"https:\/\/iktrn.ohri.ca\/projects\/casebook\/\" data-type=\"link\" data-id=\"https:\/\/iktrn.ohri.ca\/projects\/casebook\/\">The Integrated Knowledge Translation Research Network Casebook<\/a>, 6<\/em> (Special issue on children &amp; youth).<\/p>\n\n\n\n<p class=\"wp-block-paragraph\"><a href=\"https:\/\/health-policy-systems.biomedcentral.com\/articles\/10.1186\/s12961-024-01106-w\" data-type=\"link\" data-id=\"https:\/\/health-policy-systems.biomedcentral.com\/articles\/10.1186\/s12961-024-01106-w\">Future directions for patient engagement in research: A participatory workshop with Canadian patient partners and academic researchers<\/a>. <em>Health Research Policy and Systems.<\/em> A.M. Chudyk, R. Stoddard, T.A. Duhamel; <strong>Patient Engagement in Research Partners<\/strong>; A.S.H. Schultz.<\/p>\n\n\n\n<p class=\"wp-block-paragraph\"><a href=\"https:\/\/bmjopen.bmj.com\/content\/12\/2\/e060267.long\">Patient engagement partnerships in clinical trials (PEP-CT): protocol for the systematic development and testing of patient partner and investigator decision aids.<\/a> Parry, M., Ceroni, T., Wells, D., Richards, D. P., Toupin-April, K., Ansari, H., Bj\u00f8rnnes, A. K., Burnside, H., Cavallo, S., Day, A., Ellis, A., Feldman, D., Gilron, I., Najam, A., Zulfiqar, Z., &amp; Marlin, S. (2022). BMJ open, 12(2), e060267. <\/p>\n\n\n\n<p class=\"wp-block-paragraph\"><a href=\"https:\/\/pubmed.ncbi.nlm.nih.gov\/33091246\/\">Five golden rings to measure patient-centered care in rheumatology. Arthritis Care and Research<\/a>, Arthritis Care Res (Hoboken). 2020 Oct;72 Suppl 10(Suppl 10):686-702. S. D\u00e9cary, <strong>K. Toupin April<\/strong>, F. L\u00e9gar\u00e9, J.L. Barton.<\/p>\n\n\n\n<p class=\"wp-block-paragraph\"><a href=\"https:\/\/pubmed.ncbi.nlm.nih.gov\/33026639\/\">Patient Engagement Partnerships in Clinical Trials: Development of Patient Partner and Investigator Decision Aids<\/a>. <em>The Patient<\/em>. M. Parry, A.K. Bj\u00f8rnnes, <strong>K. Toupin April<\/strong>, A. Najam, D. Wells, A. Sivakumar, D.P. Richards, T. Ceroni, M. Park, A.K. Ellis, I. Gilron, S. Marlin. <\/p>\n\n\n\n<p class=\"wp-block-paragraph\">Are Patients\u2019 Views Considered when Developing Instruments for Assessing Shared Decision Making Outcomes? A Systematic Review to Inform Rheumatology Practice and Research. J Rheum 2015; 42(7):1263-1348. <strong>K. Toupin April<\/strong>, V. Grandpierre, J. Barton, L. Fraenkel, L. Li, D. Stacey, F. L\u00e9gar\u00e9, T. Rader, V. Welch, J. Jull, J. Petkovic, P. Tugwell.<\/p>\n\n\n\n<p class=\"wp-block-paragraph\"><a href=\"https:\/\/pubmed.ncbi.nlm.nih.gov\/26077410\/\">Toward Ensuring Health Equity: Readability and Cultural Equivalence of OMERACT Patient-reported Outcome Measures. <\/a><em>J Rheum<\/em> 2015; 42(12):2448-59. J. Petkovic, J. Epstein, R. Buchbinder, V. Welch, T. Rader, A. Lyddiatt, <strong>K. Toupin April<\/strong>, M. De Wit, J. Barton, C. Flurey, J. Jull, C. Barnabe, A. Sreih, W. Campbell, C. Pohl, M. Tuncay Duruoz, J. Singh, P. Tugwell, F. Guillemin. (2015). <\/p>\n\n\n\n<p class=\"wp-block-paragraph\" style=\"font-size:29px\"><strong>Arthrite juv\u00e9nile idiopathique<\/strong><\/p>\n\n\n\n<p class=\"wp-block-paragraph\"><a href=\"https:\/\/acrjournals.onlinelibrary.wiley.com\/doi\/10.1002\/acr.25377\" data-type=\"link\" data-id=\"https:\/\/acrjournals.onlinelibrary.wiley.com\/doi\/10.1002\/acr.25377\">Relationship of fatigue, pain interference, and physical disability in children newly diagnosed with juvenile idiopathic arthritis<\/a>. <em>Arthritis Care &amp; Research.<\/em> N. Choong, M. Batthish, R.A. Berard, G. Ch\u00e9deville, B.M. Feldman, K.M. Houghton, A.M. Huber, S. James, J.P. Proulx-Gauthier, D.G. Rumsey, H. Schmeling, <strong>K. Toupin-April<\/strong>, J. Guzman; CAPRI Registry Investigators.<\/p>\n\n\n\n<p class=\"wp-block-paragraph\"><a href=\"https:\/\/www.sciencedirect.com\/science\/article\/abs\/pii\/S0049017223001828?via%3Dihub\" data-type=\"link\" data-id=\"https:\/\/www.sciencedirect.com\/science\/article\/abs\/pii\/S0049017223001828?via%3Dihub\">Defining patient perception of overall well-being and disease activity in the OMERACT Juvenile Idiopathic Arthritis (JIA) core domain set: A report from the JIA working group<\/a>. <em>Seminars in Arthritis and Rheumatism.<\/em> E. Balay-Dustrude, R. Christensen, A. Consolaro, Y. Ingrid Goh, B.S. Gottlieb, B. Horgan, J. Horonjeff, L.J. Maxwell, J. Munro, N. Pan, G. Schultz, J.F. Swart, <strong>K. Toupin-April<\/strong>, E.M. Morgan.<\/p>\n\n\n\n<p class=\"wp-block-paragraph\" style=\"font-size:29px\"><strong>Pratique fond\u00e9e sur les donn\u00e9es scientifiques<\/strong><\/p>\n\n\n\n<p class=\"wp-block-paragraph\"><a href=\"https:\/\/ard.bmj.com\/content\/80\/2\/242.long\">Towards consensus in defining and handling contextual factors within rheumatology trials: an initial qualitative study from an OMERACT working group.<\/a> Nielsen, S. M., Uggen Rasmussen, M., Boers, M., A van der Windt, D., de Wit, M., G Woodworth, T., A Flurey, C., Beaton, D., Shea, B., Escorpizo, R., Furst, D. E., Smolen, J. S., <strong>Toupin-April, K.<\/strong>, Boonen, A., Voshaar, M., Ellingsen, T., Wells, G. A., Reeves, B. C., March, L., Tugwell, P., \u2026 Christensen, R. (2021). Annals of the rheumatic diseases, 80(2), 242\u2013249. <br><br><a href=\"https:\/\/pubmed.ncbi.nlm.nih.gov\/26707409\/\">Ottawa Panel Evidence-Based Clinical Practice Guidelines for Foot Care in the Management of Juvenile Idiopathic Arthritis. Arch Phys Med Rehabil<\/a><em> <\/em>2016; 97(7):1163-1181. L. Brosseau, <strong>K. Toupin April,<\/strong> G. Wells, C. Smith, A. Pugh, J. Stinson, C. Duffy, W. Gifford, D. Moher, C. Sherrington, S. Cavallo, G. De Angelis, L. Loew, P. Rahman, R. Marcotte, J. Taki, J. Bisaillon, J. King, A. Coda, G. Hendry, J. Gauvreau, M. Hayles, K. Hayles, B. Feldman, G., Kenny, J. Li, A. Briggs, R. Martini, D. Feldman, D. Maltais, S. Tupper, S. Bigford, M. Bisch.<em> <\/em><\/p>\n\n\n\n<p class=\"wp-block-paragraph\"><a href=\"https:\/\/pubmed.ncbi.nlm.nih.gov\/27932265\/\">Ottawa Panel Evidence-Based Clinical Practice Guidelines for Physical Activity in the Management of Juvenile Idiopathic Arthritis<\/a>. Arch Phys Med Rehabil 2017; 98(5):1018-1041. S. Cavallo, L. Brosseau, <strong>K. Toupin April<\/strong>, G. A Wells, C. Smith, A. Pugh. P. Rahman, I.C. \u00c0lvarez Gallardo, J.N. Stinson, R. Thomas, S. Ahmed, L. Loew, G. De Angelis, C.M. Duffy, D. Ehrmann Feldman, A. Majnemer, I. Gagnon, D. Maltais, M. E. Mathieu, G. P. Kenny, S. Tupper, K. Whitney-Mahoney, S. Bigford. <em>O<\/em><\/p>\n\n\n\n<p class=\"wp-block-paragraph\"><a href=\"https:\/\/pubmed.ncbi.nlm.nih.gov\/31132298\/\">Tramadol for osteoarthritis. Cochrane Database of Systematic Reviews, 2019, May 27; Issue 5: CD005522.<\/a> <strong>K. Toupin April<\/strong>, J. Bisaillon, V. Welch, L. J. Maxwell, P. J\u00fcni, W. S. Rutjes, E. Husni, J. Vincent, T. El Hindi, G. A. Wells, P. Tugwell. <\/p>\n\n\n\n<p class=\"wp-block-paragraph\">The state of research on complementary and alternative health care in pediatric rheumatology. Rheumatic Disease Clinics of North America 2011;37(1):85-94. <strong>K. Toupin April<\/strong>, R. Walji.<\/p>\n\n\n\n<p class=\"wp-block-paragraph\" style=\"font-size:29px\"><strong>Interventions d'autogestion<\/strong><\/p>\n\n\n\n<p class=\"wp-block-paragraph\"><a href=\"https:\/\/pubmed.ncbi.nlm.nih.gov\/30787493\/\">La version franco-canadienne de l&#8217;outil \u00ab OA Go Away \u00bb : Au revoir Arthrose | Comit\u00e9 d&#8217;experts pour la r\u00e9daction de la premi\u00e8re version exp\u00e9rimentale de l&#8217;outil \u00ab OA Go Away \u00bb<\/a> Comit\u00e9 d&#8217;experts pour l&#8217;\u00e9valuation de la deuxi\u00e8me version exp\u00e9rimentale de l&#8217;outil \u00ab OA Go Away \u00bb. Physiother Can 2018; 70(4): 330-338. L. Brosseau, <strong>K. Toupin April<\/strong>, G. Paterson, S. Cavallo, S.M. Shallwani, J.A. Barette, P. Duong, N. Paquet, E.G. Rududura, R. D\u2019Entremont, J. King, L. Poulin, D. Cardinal, L. Loew. <\/p>\n\n\n\n<p class=\"wp-block-paragraph\" style=\"font-size:29px\"><strong>M\u00e9thodes et mesures<\/strong><\/p>\n\n\n\n<p class=\"wp-block-paragraph\"><a href=\"https:\/\/www.sciencedirect.com\/science\/article\/abs\/pii\/S0049017224000222?via%3Dihub\" data-type=\"link\" data-id=\"https:\/\/www.sciencedirect.com\/science\/article\/abs\/pii\/S0049017224000222?via%3Dihub\">Consensus on the definitions and descriptions of the domains of the OMERACT Core Outcome Set for shared decision making interventions in rheumatology trials<\/a>. <em>Seminars in Arthritis and Rheumatism.<\/em> S. D\u00e9cary, M. de Wit, F. Naye, J.L. Barton, L. Fraenkel, L.C. Li, <em>et al.<\/em>, <strong>K. Toupin-April<\/strong>.<\/p>\n\n\n\n<p class=\"wp-block-paragraph\"><a href=\"https:\/\/www.sciencedirect.com\/science\/article\/abs\/pii\/S0049017223001865?via%3Dihub\" data-type=\"link\" data-id=\"https:\/\/www.sciencedirect.com\/science\/article\/abs\/pii\/S0049017223001865?via%3Dihub\">OMERACT Core outcome measurement set for shared decision making in rheumatic and musculoskeletal conditions: A scoping review to identify candidate instruments<\/a>. <em>Seminars in Arthritis and Rheumatism.<\/em> F. Naye, <strong>K. Toupin-April<\/strong>, M. de Wit, A. LeBlanc, O. Dubois, A. Boonen, <em>et al.<\/em>, S. D\u00e9cary.<\/p>\n\n\n\n<p class=\"wp-block-paragraph\"><a href=\"https:\/\/pubmed.ncbi.nlm.nih.gov\/35713497\/\">Validation of the parent global assessment as a health-related quality of life measure in juvenile idiopathic arthritis: Results from ReACCh-Out<\/a>.&nbsp;Oen, K., <strong>Toupin-April, K.<\/strong>, Feldman, B. M., Berard, R. A., Duffy, C., Tucker, L. B., Tian, J., Rumsey, D. G., Guzman, J., &amp; ReACCh-Out investigators (2022). <em>Rheumatology (Oxford, England)<\/em>, keac350. Advance online publication. <br><br><a href=\"https:\/\/pubmed.ncbi.nlm.nih.gov\/35185243\/\">Traduction franco-canadienne de l\u2019<em>Assessment of Systematic Reviews Revised<\/em>&nbsp;(AMSTAR 2) : validation transculturelle et fid\u00e9lit\u00e9 interjuges.<\/a> Flowers, H., Guitard, P., King, J., Fitzpatrick, E., B\u00e9rub\u00e9, D., Barette, J. A., Cardinal, D., Cavallo, S., O&#8217;Neil, J., Charette, M., C\u00f4t\u00e9, L., Gurgel-Juarez, N. C., <strong>Toupin-April, K<\/strong>., Shallwani, S. M., Dorion, M., Rahman, P., Potvin-Gilbert, M., Bartolini, V., Lewis, K. B., Martini, R., \u2026 Loew, L. (2022). &nbsp;<em>Physiotherapy Canada. Physiotherapie Canada<\/em>,&nbsp;<em>74<\/em>(1), 15\u201324. <br><br><a href=\"https:\/\/pubmed.ncbi.nlm.nih.gov\/27465748\/\">Application of Rasch Analysis to the Parent Adherence Report Questionnaire in Juvenile Idiopathic Arthritis<\/a>. <em>Pediatr Rheum <\/em>2016; 14(1):45. <strong>K. Toupin April<\/strong>, J. Higgins, D. Ehrmann Feldman. <\/p>\n\n\n\n<p class=\"wp-block-paragraph\"><a href=\"https:\/\/pubmed.ncbi.nlm.nih.gov\/22768098\/\">Measurement properties of questionnaires assessing complementary and alternative medicine use in pediatrics: a systematic review.<\/a> <em>PloS ONE <\/em>2012;7(6):e39611. <strong>K. Toupin April<\/strong>, D. Moher, J. Stinson, A. Byrne, M. White, H. Boon, C.M. Duffy, T. Rader, S. Vohra, P. Tugwell. <\/p>\n\n\n\n<p class=\"wp-block-paragraph\"><\/p>","protected":false},"excerpt":{"rendered":"<p>We have highlighted a few key publications about each major area of our research. For a full list of publications, please refer to our team&#8217;s work on Pub Med at this link. Please note that some publications are not open access or accessible for free. Shared decision making \u201cI\u2019d like more options!\u201d: Interviews to explore<a class=\"more-link\" href=\"https:\/\/choiceresearchlab.ca\/fr\/publications\/\">Lire la suite <span class=\"screen-reader-text\">&#8220;Select publications&#8221;<\/span><\/a><\/p>","protected":false},"author":172679031,"featured_media":0,"parent":0,"menu_order":0,"comment_status":"closed","ping_status":"closed","template":"","meta":{"_coblocks_attr":"","_coblocks_dimensions":"","_coblocks_responsive_height":"","_coblocks_accordion_ie_support":"","_crdt_document":"","advanced_seo_description":"","jetpack_seo_html_title":"","jetpack_seo_noindex":false,"jetpack_post_was_ever_published":false,"footnotes":""},"class_list":["post-174","page","type-page","status-publish","hentry","entry"],"jetpack_likes_enabled":true,"jetpack_sharing_enabled":true,"jetpack_shortlink":"https:\/\/wp.me\/Pc6WUN-2O","jetpack-related-posts":[],"_links":{"self":[{"href":"https:\/\/choiceresearchlab.ca\/fr\/wp-json\/wp\/v2\/pages\/174","targetHints":{"allow":["GET"]}}],"collection":[{"href":"https:\/\/choiceresearchlab.ca\/fr\/wp-json\/wp\/v2\/pages"}],"about":[{"href":"https:\/\/choiceresearchlab.ca\/fr\/wp-json\/wp\/v2\/types\/page"}],"author":[{"embeddable":true,"href":"https:\/\/choiceresearchlab.ca\/fr\/wp-json\/wp\/v2\/users\/172679031"}],"replies":[{"embeddable":true,"href":"https:\/\/choiceresearchlab.ca\/fr\/wp-json\/wp\/v2\/comments?post=174"}],"version-history":[{"count":40,"href":"https:\/\/choiceresearchlab.ca\/fr\/wp-json\/wp\/v2\/pages\/174\/revisions"}],"predecessor-version":[{"id":1579,"href":"https:\/\/choiceresearchlab.ca\/fr\/wp-json\/wp\/v2\/pages\/174\/revisions\/1579"}],"wp:attachment":[{"href":"https:\/\/choiceresearchlab.ca\/fr\/wp-json\/wp\/v2\/media?parent=174"}],"curies":[{"name":"wp","href":"https:\/\/api.w.org\/{rel}","templated":true}]}}